{"id":154,"date":"2021-05-18T01:55:11","date_gmt":"2021-05-18T01:55:11","guid":{"rendered":"https:\/\/clemaadi.com\/activities\/"},"modified":"2023-10-09T10:38:54","modified_gmt":"2023-10-09T10:38:54","slug":"team","status":"publish","type":"page","link":"https:\/\/clemaadi.com\/en\/team\/","title":{"rendered":"Team"},"content":{"rendered":"<div data-elementor-type=\"wp-page\" data-elementor-id=\"154\" class=\"elementor elementor-154\">\n\t\t\t\t\t\t<section class=\"elementor-section elementor-top-section elementor-element elementor-element-ee0d693 elementor-section-height-min-height elementor-section-boxed elementor-section-height-default elementor-section-items-middle\" data-id=\"ee0d693\" data-element_type=\"section\" data-e-type=\"section\" data-settings=\"{&quot;background_background&quot;:&quot;classic&quot;}\">\n\t\t\t\t\t\t<div class=\"elementor-container elementor-column-gap-no\">\n\t\t\t\t\t<div class=\"elementor-column elementor-col-100 elementor-top-column elementor-element elementor-element-c410692\" data-id=\"c410692\" data-element_type=\"column\" data-e-type=\"column\">\n\t\t\t<div class=\"elementor-widget-wrap elementor-element-populated\">\n\t\t\t\t\t\t<div class=\"elementor-element elementor-element-193d006 elementor-widget elementor-widget-heading\" data-id=\"193d006\" data-element_type=\"widget\" data-e-type=\"widget\" data-widget_type=\"heading.default\">\n\t\t\t\t\t<h1 class=\"elementor-heading-title elementor-size-default\">Team<\/h1>\t\t\t\t<\/div>\n\t\t\t\t\t<\/div>\n\t\t<\/div>\n\t\t\t\t\t<\/div>\n\t\t<\/section>\n\t\t\t\t<section class=\"elementor-section elementor-top-section elementor-element elementor-element-b156760 elementor-section-height-min-height elementor-section-boxed elementor-section-height-default elementor-section-items-middle\" data-id=\"b156760\" data-element_type=\"section\" data-e-type=\"section\" data-settings=\"{&quot;background_background&quot;:&quot;classic&quot;}\">\n\t\t\t\t\t\t<div class=\"elementor-container elementor-column-gap-default\">\n\t\t\t\t\t<div class=\"elementor-column elementor-col-50 elementor-top-column elementor-element elementor-element-6b28e8d\" data-id=\"6b28e8d\" data-element_type=\"column\" data-e-type=\"column\">\n\t\t\t<div class=\"elementor-widget-wrap elementor-element-populated\">\n\t\t\t\t\t\t<div class=\"elementor-element elementor-element-c26a9a1 elementor-widget elementor-widget-heading\" data-id=\"c26a9a1\" data-element_type=\"widget\" data-e-type=\"widget\" data-widget_type=\"heading.default\">\n\t\t\t\t\t<h1 class=\"elementor-heading-title elementor-size-default\"><font color=\"#20779c\"><span style=\"font-size: 30px\">Myl\u00e8ne <\/span><\/font><br>French speech-language pathologist, graduated from the UCL in Louvain-la-Neuve<br><\/h1>\t\t\t\t<\/div>\n\t\t\t\t<div class=\"elementor-element elementor-element-45ba3e2 elementor-widget elementor-widget-text-editor\" data-id=\"45ba3e2\" data-element_type=\"widget\" data-e-type=\"widget\" data-widget_type=\"text-editor.default\">\n\t\t\t\t\t\t\t\t\t<p>After two years of hypokh\u00e2gne and kh\u00e2gne preparatory class in Lyon, I concluded 5-year university in speech therapy at the UCL in Louvain-la-Neuve.\nI then settled for 4 years in Guadeloupe, where I practiced for 1 year in a psycho-medico-social center and 3 years in a private practice with a varied patient population (oral and written language, neurodevelopmental disorders, aphasia, etc.)\nI also obtained a certified yoga teacher diploma, after a one-year training.<\/p><p>Je me suis ensuite install\u00e9e 4 ans en Guadeloupe, o\u00f9 j\u2019ai pratiqu\u00e9 pendant 1 an dans un centre psycho-m\u00e9dico-social et 3 ans en cabinet lib\u00e9ral aupr\u00e8s d\u2019une patient\u00e8le vari\u00e9e (langage oral et \u00e9crit, troubles neurod\u00e9veloppementaux, aphasie, etc)<\/p><p>J\u2019ai \u00e9galement obtenu un dipl\u00f4me d\u2019enseignante de yoga certifi\u00e9e, au terme d\u2019une formation d\u2019un an.<\/p>\t\t\t\t\t\t\t\t<\/div>\n\t\t\t\t\t<\/div>\n\t\t<\/div>\n\t\t\t\t<div class=\"elementor-column elementor-col-50 elementor-top-column elementor-element elementor-element-4452209\" data-id=\"4452209\" data-element_type=\"column\" data-e-type=\"column\">\n\t\t\t<div class=\"elementor-widget-wrap elementor-element-populated\">\n\t\t\t\t\t\t<div class=\"elementor-element elementor-element-4e3150a elementor-widget elementor-widget-image\" data-id=\"4e3150a\" data-element_type=\"widget\" data-e-type=\"widget\" data-widget_type=\"image.default\">\n\t\t\t\t\t\t\t\t\t\t\t\t\t\t\t<img fetchpriority=\"high\" decoding=\"async\" width=\"768\" height=\"815\" src=\"https:\/\/clemaadi.com\/wp-content\/uploads\/2023\/10\/\u0628\u064a\u064a\u0644\u064a\u0642.jpg\" class=\"attachment-large size-large wp-image-1514\" alt=\"\" srcset=\"https:\/\/clemaadi.com\/wp-content\/uploads\/2023\/10\/\u0628\u064a\u064a\u0644\u064a\u0642.jpg 768w, https:\/\/clemaadi.com\/wp-content\/uploads\/2023\/10\/\u0628\u064a\u064a\u0644\u064a\u0642-283x300.jpg 283w, https:\/\/clemaadi.com\/wp-content\/uploads\/2023\/10\/\u0628\u064a\u064a\u0644\u064a\u0642-11x12.jpg 11w\" sizes=\"(max-width: 768px) 100vw, 768px\" \/>\t\t\t\t\t\t\t\t\t\t\t\t\t\t\t<\/div>\n\t\t\t\t\t<\/div>\n\t\t<\/div>\n\t\t\t\t\t<\/div>\n\t\t<\/section>\n\t\t\t\t<section class=\"elementor-section elementor-top-section elementor-element elementor-element-33f15a6 elementor-section-height-min-height elementor-section-boxed elementor-section-height-default elementor-section-items-middle\" data-id=\"33f15a6\" data-element_type=\"section\" data-e-type=\"section\" data-settings=\"{&quot;background_background&quot;:&quot;classic&quot;}\">\n\t\t\t\t\t\t<div class=\"elementor-container elementor-column-gap-default\">\n\t\t\t\t\t<div class=\"elementor-column elementor-col-50 elementor-top-column elementor-element elementor-element-9f96f21\" data-id=\"9f96f21\" data-element_type=\"column\" data-e-type=\"column\">\n\t\t\t<div class=\"elementor-widget-wrap elementor-element-populated\">\n\t\t\t\t\t\t<div class=\"elementor-element elementor-element-622dd22 elementor-widget elementor-widget-image\" data-id=\"622dd22\" data-element_type=\"widget\" data-e-type=\"widget\" data-widget_type=\"image.default\">\n\t\t\t\t\t\t\t\t\t\t\t\t\t\t\t<img decoding=\"async\" width=\"768\" height=\"936\" src=\"https:\/\/clemaadi.com\/wp-content\/uploads\/2023\/10\/\u0644\u0627\u0641\u0627\u0641.jpg\" class=\"attachment-large size-large wp-image-1516\" alt=\"\" srcset=\"https:\/\/clemaadi.com\/wp-content\/uploads\/2023\/10\/\u0644\u0627\u0641\u0627\u0641.jpg 768w, https:\/\/clemaadi.com\/wp-content\/uploads\/2023\/10\/\u0644\u0627\u0641\u0627\u0641-246x300.jpg 246w, https:\/\/clemaadi.com\/wp-content\/uploads\/2023\/10\/\u0644\u0627\u0641\u0627\u0641-10x12.jpg 10w\" sizes=\"(max-width: 768px) 100vw, 768px\" \/>\t\t\t\t\t\t\t\t\t\t\t\t\t\t\t<\/div>\n\t\t\t\t\t<\/div>\n\t\t<\/div>\n\t\t\t\t<div class=\"elementor-column elementor-col-50 elementor-top-column elementor-element elementor-element-7628770\" data-id=\"7628770\" data-element_type=\"column\" data-e-type=\"column\">\n\t\t\t<div class=\"elementor-widget-wrap elementor-element-populated\">\n\t\t\t\t\t\t<div class=\"elementor-element elementor-element-7e47847 elementor-widget elementor-widget-heading\" data-id=\"7e47847\" data-element_type=\"widget\" data-e-type=\"widget\" data-widget_type=\"heading.default\">\n\t\t\t\t\t<h1 class=\"elementor-heading-title elementor-size-default\"><font color=\"#20779c\"><span style=\"font-size: 30px\">Maria  <\/span><\/font><br>Master's degree in Psychomotor Therapy from the Lebanese University.\n<\/h1>\t\t\t\t<\/div>\n\t\t\t\t<div class=\"elementor-element elementor-element-eb7c2fc elementor-widget elementor-widget-text-editor\" data-id=\"eb7c2fc\" data-element_type=\"widget\" data-e-type=\"widget\" data-widget_type=\"text-editor.default\">\n\t\t\t\t\t\t\t\t\t<p>During my training internships, I had the opportunity to work with various populations. These included early intervention with very young children aged between 0 and 2 years, who had developmental delays or different syndromes; intervention in schools and institutions with young people aged between 3 and 15 years, mainly those facing learning difficulties or diagnosed with neurodevelopmental disorders (ADHD, autism\u2026); and finally, intervention in geriatrics in retirement homes with elderly individuals.<\/p><p>Throughout my professional career, I specialized in working with children with learning difficulties, working in an inclusive school and opening my private practice where I mainly welcomed young people with academic challenges. As a result of this work, I became the head of the special education department in a school, where I developed methods to help the staff and children adapt within the classroom.<\/p><p>For greater effectiveness, I am currently undergoing online training in family coaching at the Nancy Doyon School in Quebec. This is aimed at equipping parents with more practical tools to support their children.<\/p>\t\t\t\t\t\t\t\t<\/div>\n\t\t\t\t\t<\/div>\n\t\t<\/div>\n\t\t\t\t\t<\/div>\n\t\t<\/section>\n\t\t\t\t<section class=\"elementor-section elementor-top-section elementor-element elementor-element-6e6c78d elementor-section-height-min-height elementor-section-boxed elementor-section-height-default elementor-section-items-middle\" data-id=\"6e6c78d\" data-element_type=\"section\" data-e-type=\"section\" data-settings=\"{&quot;background_background&quot;:&quot;classic&quot;}\">\n\t\t\t\t\t\t<div class=\"elementor-container elementor-column-gap-default\">\n\t\t\t\t\t<div class=\"elementor-column elementor-col-50 elementor-top-column elementor-element elementor-element-33acfff\" data-id=\"33acfff\" data-element_type=\"column\" data-e-type=\"column\">\n\t\t\t<div class=\"elementor-widget-wrap elementor-element-populated\">\n\t\t\t\t\t\t<div class=\"elementor-element elementor-element-858acdb elementor-widget elementor-widget-heading\" data-id=\"858acdb\" data-element_type=\"widget\" data-e-type=\"widget\" data-widget_type=\"heading.default\">\n\t\t\t\t\t<h1 class=\"elementor-heading-title elementor-size-default\"><font color=\"#20779c\"><span style=\"font-size: 30px\">Aliette <\/span><\/font><br>master\u2019s graduate in speech therapy from the Haute Ecole Leonard de Vinci in Brussels,\u00a0Belgium,<\/h1>\t\t\t\t<\/div>\n\t\t\t\t<div class=\"elementor-element elementor-element-e318f6a elementor-widget elementor-widget-text-editor\" data-id=\"e318f6a\" data-element_type=\"widget\" data-e-type=\"widget\" data-widget_type=\"text-editor.default\">\n\t\t\t\t\t\t\t\t\t<p>As a master\u2019s graduate in speech therapy from the Haute Ecole Leonard de Vinci in Brussels, Belgium, I worked as a speech therapist in a private practice in Paris for two years. During these two years, I worked mainly with children with oral and written language difficulties and adults with neurodegenerative pathologies and aphasia. Then, I worked one year as a first-grade teacher, which I found very complementary to my initial formation <br \/>Furthermore, I am deeply invested in language associations such as Francais Langue Etrangere (FLE), which is an alliance offering French courses to to non-native speakers. Finally, I have great experience and interest in working with bi\/multilingual\u00a0patients<br \/>.<\/p>\t\t\t\t\t\t\t\t<\/div>\n\t\t\t\t\t<\/div>\n\t\t<\/div>\n\t\t\t\t<div class=\"elementor-column elementor-col-50 elementor-top-column elementor-element elementor-element-892b77d\" data-id=\"892b77d\" data-element_type=\"column\" data-e-type=\"column\">\n\t\t\t<div class=\"elementor-widget-wrap elementor-element-populated\">\n\t\t\t\t\t\t<div class=\"elementor-element elementor-element-d756e97 elementor-widget elementor-widget-image\" data-id=\"d756e97\" data-element_type=\"widget\" data-e-type=\"widget\" data-widget_type=\"image.default\">\n\t\t\t\t\t\t\t\t\t\t\t\t\t\t\t<img decoding=\"async\" width=\"1024\" height=\"925\" src=\"https:\/\/clemaadi.com\/wp-content\/uploads\/2023\/10\/WhatsApp-Image-2023-10-09-at-13.11.59_201b5ddd-1024x925.jpg\" class=\"attachment-large size-large wp-image-1526\" alt=\"\" srcset=\"https:\/\/clemaadi.com\/wp-content\/uploads\/2023\/10\/WhatsApp-Image-2023-10-09-at-13.11.59_201b5ddd-1024x925.jpg 1024w, https:\/\/clemaadi.com\/wp-content\/uploads\/2023\/10\/WhatsApp-Image-2023-10-09-at-13.11.59_201b5ddd-300x271.jpg 300w, https:\/\/clemaadi.com\/wp-content\/uploads\/2023\/10\/WhatsApp-Image-2023-10-09-at-13.11.59_201b5ddd-768x694.jpg 768w, https:\/\/clemaadi.com\/wp-content\/uploads\/2023\/10\/WhatsApp-Image-2023-10-09-at-13.11.59_201b5ddd-13x12.jpg 13w, https:\/\/clemaadi.com\/wp-content\/uploads\/2023\/10\/WhatsApp-Image-2023-10-09-at-13.11.59_201b5ddd.jpg 1200w\" sizes=\"(max-width: 1024px) 100vw, 1024px\" \/>\t\t\t\t\t\t\t\t\t\t\t\t\t\t\t<\/div>\n\t\t\t\t\t<\/div>\n\t\t<\/div>\n\t\t\t\t\t<\/div>\n\t\t<\/section>\n\t\t\t\t<\/div>","protected":false},"excerpt":{"rendered":"<p>Notre \u00e9quipe Myl\u00e8ne Dipl\u00f4m\u00e9e en orthophonie de l\u2019UCL de Louvain-la-Neuve. Apr\u00e8s deux ans de classe pr\u00e9paratoire hypokh\u00e2gne et kh\u00e2gne \u00e0 Lyon, j\u2019ai suivi une formation universitaire de 5 ans en orthophonie \u00e0 l\u2019UCL de Louvain-la-Neuve. Je me suis ensuite install\u00e9e 4 ans en Guadeloupe, o\u00f9 j\u2019ai pratiqu\u00e9 pendant 1 an dans un centre psycho-m\u00e9dico-social et [&hellip;]<\/p>\n","protected":false},"author":1,"featured_media":0,"parent":0,"menu_order":0,"comment_status":"closed","ping_status":"closed","template":"","meta":{"site-sidebar-layout":"no-sidebar","site-content-layout":"page-builder","ast-site-content-layout":"default","site-content-style":"default","site-sidebar-style":"default","ast-global-header-display":"","ast-banner-title-visibility":"","ast-main-header-display":"","ast-hfb-above-header-display":"","ast-hfb-below-header-display":"","ast-hfb-mobile-header-display":"","site-post-title":"disabled","ast-breadcrumbs-content":"disabled","ast-featured-img":"disabled","footer-sml-layout":"","ast-disable-related-posts":"","theme-transparent-header-meta":"default","adv-header-id-meta":"","stick-header-meta":"","header-above-stick-meta":"","header-main-stick-meta":"","header-below-stick-meta":"","astra-migrate-meta-layouts":"default","ast-page-background-enabled":"default","ast-page-background-meta":{"desktop":{"background-color":"","background-image":"","background-repeat":"repeat","background-position":"center center","background-size":"auto","background-attachment":"scroll","background-type":"","background-media":"","overlay-type":"","overlay-color":"","overlay-opacity":"","overlay-gradient":""},"tablet":{"background-color":"","background-image":"","background-repeat":"repeat","background-position":"center center","background-size":"auto","background-attachment":"scroll","background-type":"","background-media":"","overlay-type":"","overlay-color":"","overlay-opacity":"","overlay-gradient":""},"mobile":{"background-color":"","background-image":"","background-repeat":"repeat","background-position":"center center","background-size":"auto","background-attachment":"scroll","background-type":"","background-media":"","overlay-type":"","overlay-color":"","overlay-opacity":"","overlay-gradient":""}},"ast-content-background-meta":{"desktop":{"background-color":"var(--ast-global-color-5)","background-image":"","background-repeat":"repeat","background-position":"center center","background-size":"auto","background-attachment":"scroll","background-type":"","background-media":"","overlay-type":"","overlay-color":"","overlay-opacity":"","overlay-gradient":""},"tablet":{"background-color":"var(--ast-global-color-5)","background-image":"","background-repeat":"repeat","background-position":"center center","background-size":"auto","background-attachment":"scroll","background-type":"","background-media":"","overlay-type":"","overlay-color":"","overlay-opacity":"","overlay-gradient":""},"mobile":{"background-color":"var(--ast-global-color-5)","background-image":"","background-repeat":"repeat","background-position":"center center","background-size":"auto","background-attachment":"scroll","background-type":"","background-media":"","overlay-type":"","overlay-color":"","overlay-opacity":"","overlay-gradient":""}},"footnotes":""},"class_list":["post-154","page","type-page","status-publish","hentry"],"_links":{"self":[{"href":"https:\/\/clemaadi.com\/en\/wp-json\/wp\/v2\/pages\/154","targetHints":{"allow":["GET"]}}],"collection":[{"href":"https:\/\/clemaadi.com\/en\/wp-json\/wp\/v2\/pages"}],"about":[{"href":"https:\/\/clemaadi.com\/en\/wp-json\/wp\/v2\/types\/page"}],"author":[{"embeddable":true,"href":"https:\/\/clemaadi.com\/en\/wp-json\/wp\/v2\/users\/1"}],"replies":[{"embeddable":true,"href":"https:\/\/clemaadi.com\/en\/wp-json\/wp\/v2\/comments?post=154"}],"version-history":[{"count":25,"href":"https:\/\/clemaadi.com\/en\/wp-json\/wp\/v2\/pages\/154\/revisions"}],"predecessor-version":[{"id":1536,"href":"https:\/\/clemaadi.com\/en\/wp-json\/wp\/v2\/pages\/154\/revisions\/1536"}],"wp:attachment":[{"href":"https:\/\/clemaadi.com\/en\/wp-json\/wp\/v2\/media?parent=154"}],"curies":[{"name":"wp","href":"https:\/\/api.w.org\/{rel}","templated":true}]}}